{"id":11269,"date":"2024-02-20T10:24:07","date_gmt":"2024-02-20T10:24:07","guid":{"rendered":"https:\/\/www.homeandtable.be\/marques\/blim-plus\/"},"modified":"2024-02-20T10:24:09","modified_gmt":"2024-02-20T10:24:09","slug":"blim-plus","status":"publish","type":"page","link":"https:\/\/www.homeandtable.be\/fr\/marques\/blim-plus\/","title":{"rendered":"Blim Plus"},"content":{"rendered":"<section class=\"wpb-content-wrapper\"><p>[vc_row][vc_column mobile_bg_img_hidden=\u00a0\u00bbno\u00a0\u00bb tablet_bg_img_hidden=\u00a0\u00bbno\u00a0\u00bb woodmart_parallax=\u00a0\u00bb0&Prime; woodmart_sticky_column=\u00a0\u00bbfalse\u00a0\u00bb parallax_scroll=\u00a0\u00bbno\u00a0\u00bb mobile_reset_margin=\u00a0\u00bbno\u00a0\u00bb tablet_reset_margin=\u00a0\u00bbno\u00a0\u00bb][vc_empty_space height=\u00a0\u00bb100px\u00a0\u00bb woodmart_hide_large=\u00a0\u00bb0&Prime; woodmart_hide_medium=\u00a0\u00bb0&Prime; woodmart_hide_small=\u00a0\u00bb0&Prime; woodmart_hide_extra_small=\u00a0\u00bb0&Prime;][\/vc_column][\/vc_row][vc_row][vc_column width=\u00a0\u00bb1\/2&Prime;][vc_column_text text_larger=\u00a0\u00bbno\u00a0\u00bb]<\/p>\n<h3>Nos marques<\/h3>\n<p>[\/vc_column_text][vc_column_text text_larger=\u00a0\u00bbno\u00a0\u00bb woodmart_inline=\u00a0\u00bbno\u00a0\u00bb]<\/p>\n<h1>Blim Plus<\/h1>\n<p>[\/vc_column_text][vc_column_text text_larger=\u00a0\u00bbno\u00a0\u00bb woodmart_inline=\u00a0\u00bbno\u00a0\u00bb]<\/p>\n<div>\n<div>\n<p>Blimplus incarne l&rsquo;essence de l&rsquo;innovation et du design italien avec une collection unique qui transforme le quotidien en quelque chose d&rsquo;extraordinaire. Con\u00e7u par le designer italien raffaello galiotto, un nom synonyme de talent cr\u00e9atif et de savoir-faire, blimplus transcende les fronti\u00e8res traditionnelles du concept \u2018made in italy\u2019. Chaque produit est le fruit d&rsquo;une attention m\u00e9ticuleuse port\u00e9e aux d\u00e9tails, \u00e0 la fonctionnalit\u00e9 et \u00e0 l&rsquo;esth\u00e9tique, con\u00e7u pour enrichir chaque maison avec une touche d&rsquo;\u00e9l\u00e9gance italienne.<\/p>\n<p>Les produits blimplus ne sont pas seulement agr\u00e9ables \u00e0 regarder, mais chaque conception dissimule une fonctionnalit\u00e9 astucieuse. D&rsquo;un entonnoir avec un onglet herm\u00e9tique pour bloquer l&rsquo;eau avec un doigt, \u00e0 une passoire avec des trous plac\u00e9s de mani\u00e8re inhabituelle qui emp\u00eachent les spaghettis de s&rsquo;\u00e9chapper, et une planche \u00e0 d\u00e9couper avec un design incurv\u00e9 pour g\u00e9rer les liquides &#8211; blimplus d\u00e9fie les aides de cuisine conventionnelles et invite \u00e0 une nouvelle fa\u00e7on d&rsquo;interaction et d&rsquo;exp\u00e9rience dans la cuisine.<\/p>\n<p>Fabriqu\u00e9 en polypropyl\u00e8ne, blimplus garantit durabilit\u00e9 et r\u00e9sistance aux chocs, tout en pr\u00eatant attention \u00e0 la sant\u00e9 de notre plan\u00e8te avec des mat\u00e9riaux 100% recyclables. Chaque pi\u00e8ce est con\u00e7ue pour durer potentiellement ind\u00e9finiment, avec une attention particuli\u00e8re \u00e0 l&rsquo;\u00e9paisseur et aux d\u00e9tails de conception qui facilitent le nettoyage approfondi et pr\u00e9viennent la formation d&rsquo;humidit\u00e9.<\/p>\n<\/div>\n<\/div>\n<p>[\/vc_column_text][\/vc_column][vc_column width=\u00a0\u00bb1\/2&Prime;][vc_single_image image=\u00a0\u00bb11238&Prime; img_size=\u00a0\u00bbfull\u00a0\u00bb parallax_scroll=\u00a0\u00bbno\u00a0\u00bb woodmart_inline=\u00a0\u00bbno\u00a0\u00bb][\/vc_column][\/vc_row][vc_row][vc_column][vc_empty_space height=\u00a0\u00bb100px\u00a0\u00bb woodmart_hide_large=\u00a0\u00bb0&Prime; woodmart_hide_medium=\u00a0\u00bb0&Prime; woodmart_hide_small=\u00a0\u00bb0&Prime; woodmart_hide_extra_small=\u00a0\u00bb0&Prime;][\/vc_column][\/vc_row][vc_row][vc_column][vc_empty_space height=\u00a0\u00bb100px\u00a0\u00bb woodmart_hide_large=\u00a0\u00bb0&Prime; woodmart_hide_medium=\u00a0\u00bb0&Prime; woodmart_hide_small=\u00a0\u00bb0&Prime; woodmart_hide_extra_small=\u00a0\u00bb0&Prime;][\/vc_column][\/vc_row][vc_row][vc_column width=\u00a0\u00bb1\/4&Prime;][vc_single_image image=\u00a0\u00bb11241&Prime; img_size=\u00a0\u00bbfull\u00a0\u00bb parallax_scroll=\u00a0\u00bbno\u00a0\u00bb woodmart_inline=\u00a0\u00bbno\u00a0\u00bb][\/vc_column][vc_column width=\u00a0\u00bb1\/4&Prime;][vc_single_image image=\u00a0\u00bb11244&Prime; img_size=\u00a0\u00bbfull\u00a0\u00bb parallax_scroll=\u00a0\u00bbno\u00a0\u00bb woodmart_inline=\u00a0\u00bbno\u00a0\u00bb][\/vc_column][vc_column width=\u00a0\u00bb1\/4&Prime;][vc_single_image image=\u00a0\u00bb11250&Prime; img_size=\u00a0\u00bbfull\u00a0\u00bb parallax_scroll=\u00a0\u00bbno\u00a0\u00bb woodmart_inline=\u00a0\u00bbno\u00a0\u00bb][\/vc_column][vc_column width=\u00a0\u00bb1\/4&Prime;][vc_single_image image=\u00a0\u00bb11253&Prime; img_size=\u00a0\u00bbfull\u00a0\u00bb parallax_scroll=\u00a0\u00bbno\u00a0\u00bb woodmart_inline=\u00a0\u00bbno\u00a0\u00bb][\/vc_column][\/vc_row][vc_row][vc_column][vc_empty_space height=\u00a0\u00bb100px\u00a0\u00bb woodmart_hide_large=\u00a0\u00bb0&Prime; woodmart_hide_medium=\u00a0\u00bb0&Prime; woodmart_hide_small=\u00a0\u00bb0&Prime; woodmart_hide_extra_small=\u00a0\u00bb0&Prime;][\/vc_column][\/vc_row][vc_row][vc_column][vc_empty_space height=\u00a0\u00bb100px\u00a0\u00bb woodmart_hide_large=\u00a0\u00bb0&Prime; woodmart_hide_medium=\u00a0\u00bb0&Prime; woodmart_hide_small=\u00a0\u00bb0&Prime; woodmart_hide_extra_small=\u00a0\u00bb0&Prime;][\/vc_column][\/vc_row][vc_row full_width=\u00a0\u00bbstretch_row_content_no_spaces\u00a0\u00bb equal_height=\u00a0\u00bbyes\u00a0\u00bb content_placement=\u00a0\u00bbmiddle\u00a0\u00bb mobile_bg_img_hidden=\u00a0\u00bbno\u00a0\u00bb tablet_bg_img_hidden=\u00a0\u00bbno\u00a0\u00bb woodmart_parallax=\u00a0\u00bb0&Prime; woodmart_gradient_switch=\u00a0\u00bbno\u00a0\u00bb row_reverse_mobile=\u00a0\u00bb0&Prime; row_reverse_tablet=\u00a0\u00bb0&Prime; woodmart_disable_overflow=\u00a0\u00bb0&Prime; css=\u00a0\u00bb.vc_custom_1638546022891{background-color: rgba(0,84,120,0.25) !important;*background-color: rgb(0,84,120) !important;}\u00a0\u00bb][vc_column width=\u00a0\u00bb1\/2&Prime; mobile_bg_img_hidden=\u00a0\u00bbno\u00a0\u00bb tablet_bg_img_hidden=\u00a0\u00bbno\u00a0\u00bb woodmart_parallax=\u00a0\u00bb0&Prime; woodmart_sticky_column=\u00a0\u00bbfalse\u00a0\u00bb el_class=\u00a0\u00bbnopadding\u00a0\u00bb parallax_scroll=\u00a0\u00bbno\u00a0\u00bb mobile_reset_margin=\u00a0\u00bbno\u00a0\u00bb tablet_reset_margin=\u00a0\u00bbno\u00a0\u00bb css=\u00a0\u00bb.vc_custom_1638546794885{margin-top: 0px !important;margin-right: 0px !important;margin-bottom: 0px !important;margin-left: 0px !important;padding-top: 0px !important;padding-right: 0px !important;padding-bottom: 0px !important;padding-left: 0px !important;}\u00a0\u00bb][vc_single_image image=\u00a0\u00bb11256&Prime; img_size=\u00a0\u00bbfull\u00a0\u00bb parallax_scroll=\u00a0\u00bbno\u00a0\u00bb css=\u00a0\u00bb.vc_custom_1708424356112{margin-top: 0px !important;margin-right: 0px !important;margin-bottom: 0px !important;margin-left: 0px !important;padding-top: 0px !important;padding-right: 0px !important;padding-bottom: 0px !important;padding-left: 0px !important;}\u00a0\u00bb woodmart_inline=\u00a0\u00bbno\u00a0\u00bb][\/vc_column][vc_column width=\u00a0\u00bb1\/2&Prime; mobile_bg_img_hidden=\u00a0\u00bbno\u00a0\u00bb tablet_bg_img_hidden=\u00a0\u00bbno\u00a0\u00bb woodmart_parallax=\u00a0\u00bb0&Prime; woodmart_sticky_column=\u00a0\u00bbfalse\u00a0\u00bb parallax_scroll=\u00a0\u00bbno\u00a0\u00bb mobile_reset_margin=\u00a0\u00bbno\u00a0\u00bb tablet_reset_margin=\u00a0\u00bbno\u00a0\u00bb css=\u00a0\u00bb.vc_custom_1638546937370{padding-right: 50px !important;padding-left: 50px !important;}\u00a0\u00bb][vc_empty_space woodmart_hide_large=\u00a0\u00bb0&Prime; woodmart_hide_medium=\u00a0\u00bb0&Prime; woodmart_hide_small=\u00a0\u00bb0&Prime; woodmart_hide_extra_small=\u00a0\u00bb0&Prime;][vc_column_text text_larger=\u00a0\u00bbno\u00a0\u00bb el_class=\u00a0\u00bbctatitle\u00a0\u00bb]<\/p>\n<h2 style=\"text-align: left;\">Trouver un magasin<br \/>\npr\u00e8s de chez vous<\/h2>\n<p>[\/vc_column_text]<div id=\"wd-61aa3f3100948\" class=\" wd-rs-61aa3f3100948  wd-button-wrapper text-left\"><a href=\"https:\/\/www.homeandtable.be\/fr\/storelocator\/\" title=\"\" class=\"btn btn-color-primary btn-style-bordered btn-style-rectangle btn-size-extra-large ctabutton\">STORE LOCATOR<\/a><\/div>[vc_empty_space woodmart_hide_large=\u00a0\u00bb0&Prime; woodmart_hide_medium=\u00a0\u00bb0&Prime; woodmart_hide_small=\u00a0\u00bb0&Prime; woodmart_hide_extra_small=\u00a0\u00bb0&Prime;][vc_column_text text_larger=\u00a0\u00bbno\u00a0\u00bb]<\/p>\n<h5 style=\"text-align: left;\"><a href=\"https:\/\/www.homeandtable.be\/fr\/contact\/\">Devenir client ?<\/a><\/h5>\n<p>[\/vc_column_text][vc_empty_space woodmart_hide_large=\u00a0\u00bb0&Prime; woodmart_hide_medium=\u00a0\u00bb0&Prime; woodmart_hide_small=\u00a0\u00bb0&Prime; woodmart_hide_extra_small=\u00a0\u00bb0&Prime;][\/vc_column][\/vc_row]<\/p>\n<\/section>","protected":false},"excerpt":{"rendered":"<p>[vc_row][vc_column mobile_bg_img_hidden=\u00a0\u00bbno\u00a0\u00bb tablet_bg_img_hidden=\u00a0\u00bbno\u00a0\u00bb woodmart_parallax=\u00a0\u00bb0&Prime; woodmart_sticky_column=\u00a0\u00bbfalse\u00a0\u00bb parallax_scroll=\u00a0\u00bbno\u00a0\u00bb mobile_reset_margin=\u00a0\u00bbno\u00a0\u00bb tablet_reset_margin=\u00a0\u00bbno\u00a0\u00bb][vc_empty_space height=\u00a0\u00bb100px\u00a0\u00bb woodmart_hide_large=\u00a0\u00bb0&Prime; woodmart_hide_medium=\u00a0\u00bb0&Prime; woodmart_hide_small=\u00a0\u00bb0&Prime; woodmart_hide_extra_small=\u00a0\u00bb0&Prime;][\/vc_column][\/vc_row][vc_row][vc_column width=\u00a0\u00bb1\/2&Prime;][vc_column_text text_larger=\u00a0\u00bbno\u00a0\u00bb] Nos marques [\/vc_column_text][vc_column_text text_larger=\u00a0\u00bbno\u00a0\u00bb woodmart_inline=\u00a0\u00bbno\u00a0\u00bb]<\/p>\n","protected":false},"author":1,"featured_media":10695,"parent":4811,"menu_order":0,"comment_status":"closed","ping_status":"closed","template":"","meta":{"_acf_changed":false,"footnotes":""},"class_list":["post-11269","page","type-page","status-publish","has-post-thumbnail","hentry"],"acf":[],"yoast_head":"<!-- This site is optimized with the Yoast SEO plugin v24.7 - https:\/\/yoast.com\/wordpress\/plugins\/seo\/ -->\n<title>Blim Plus - Home &amp; Table by Meyhui<\/title>\n<meta name=\"robots\" content=\"index, follow, max-snippet:-1, max-image-preview:large, max-video-preview:-1\" \/>\n<link rel=\"canonical\" href=\"https:\/\/www.homeandtable.be\/fr\/marques\/blim-plus\/\" \/>\n<meta property=\"og:locale\" content=\"fr_FR\" \/>\n<meta property=\"og:type\" content=\"article\" \/>\n<meta property=\"og:title\" content=\"Blim Plus - Home &amp; Table by Meyhui\" \/>\n<meta property=\"og:description\" content=\"[vc_row][vc_column mobile_bg_img_hidden=\u00a0\u00bbno\u00a0\u00bb tablet_bg_img_hidden=\u00a0\u00bbno\u00a0\u00bb woodmart_parallax=\u00a0\u00bb0&Prime; woodmart_sticky_column=\u00a0\u00bbfalse\u00a0\u00bb parallax_scroll=\u00a0\u00bbno\u00a0\u00bb mobile_reset_margin=\u00a0\u00bbno\u00a0\u00bb tablet_reset_margin=\u00a0\u00bbno\u00a0\u00bb][vc_empty_space height=\u00a0\u00bb100px\u00a0\u00bb woodmart_hide_large=\u00a0\u00bb0&Prime; woodmart_hide_medium=\u00a0\u00bb0&Prime; woodmart_hide_small=\u00a0\u00bb0&Prime; woodmart_hide_extra_small=\u00a0\u00bb0&Prime;][\/vc_column][\/vc_row][vc_row][vc_column width=\u00a0\u00bb1\/2&Prime;][vc_column_text text_larger=\u00a0\u00bbno\u00a0\u00bb] Nos marques [\/vc_column_text][vc_column_text text_larger=\u00a0\u00bbno\u00a0\u00bb woodmart_inline=\u00a0\u00bbno\u00a0\u00bb]\" \/>\n<meta property=\"og:url\" content=\"https:\/\/www.homeandtable.be\/fr\/marques\/blim-plus\/\" \/>\n<meta property=\"og:site_name\" content=\"Home &amp; Table by Meyhui\" \/>\n<meta property=\"article:publisher\" content=\"https:\/\/www.facebook.com\/homeandtablebymeyhui\" \/>\n<meta property=\"article:modified_time\" content=\"2024-02-20T10:24:09+00:00\" \/>\n<meta property=\"og:image\" content=\"https:\/\/www.homeandtable.be\/wp-content\/uploads\/2023\/07\/royalboch_1.jpg\" \/>\n\t<meta property=\"og:image:width\" content=\"1000\" \/>\n\t<meta property=\"og:image:height\" content=\"1000\" \/>\n\t<meta property=\"og:image:type\" content=\"image\/jpeg\" \/>\n<meta name=\"twitter:card\" content=\"summary_large_image\" \/>\n<meta name=\"twitter:label1\" content=\"Dur\u00e9e de lecture estim\u00e9e\" \/>\n\t<meta name=\"twitter:data1\" content=\"4 minutes\" \/>\n<script type=\"application\/ld+json\" class=\"yoast-schema-graph\">{\"@context\":\"https:\/\/schema.org\",\"@graph\":[{\"@type\":\"WebPage\",\"@id\":\"https:\/\/www.homeandtable.be\/fr\/marques\/blim-plus\/\",\"url\":\"https:\/\/www.homeandtable.be\/fr\/marques\/blim-plus\/\",\"name\":\"Blim Plus - Home &amp; Table by Meyhui\",\"isPartOf\":{\"@id\":\"https:\/\/www.homeandtable.be\/#website\"},\"primaryImageOfPage\":{\"@id\":\"https:\/\/www.homeandtable.be\/fr\/marques\/blim-plus\/#primaryimage\"},\"image\":{\"@id\":\"https:\/\/www.homeandtable.be\/fr\/marques\/blim-plus\/#primaryimage\"},\"thumbnailUrl\":\"https:\/\/www.homeandtable.be\/wp-content\/uploads\/2023\/07\/royalboch_1.jpg\",\"datePublished\":\"2024-02-20T10:24:07+00:00\",\"dateModified\":\"2024-02-20T10:24:09+00:00\",\"breadcrumb\":{\"@id\":\"https:\/\/www.homeandtable.be\/fr\/marques\/blim-plus\/#breadcrumb\"},\"inLanguage\":\"fr-FR\",\"potentialAction\":[{\"@type\":\"ReadAction\",\"target\":[\"https:\/\/www.homeandtable.be\/fr\/marques\/blim-plus\/\"]}]},{\"@type\":\"ImageObject\",\"inLanguage\":\"fr-FR\",\"@id\":\"https:\/\/www.homeandtable.be\/fr\/marques\/blim-plus\/#primaryimage\",\"url\":\"https:\/\/www.homeandtable.be\/wp-content\/uploads\/2023\/07\/royalboch_1.jpg\",\"contentUrl\":\"https:\/\/www.homeandtable.be\/wp-content\/uploads\/2023\/07\/royalboch_1.jpg\",\"width\":1000,\"height\":1000},{\"@type\":\"BreadcrumbList\",\"@id\":\"https:\/\/www.homeandtable.be\/fr\/marques\/blim-plus\/#breadcrumb\",\"itemListElement\":[{\"@type\":\"ListItem\",\"position\":1,\"name\":\"Home\",\"item\":\"https:\/\/www.homeandtable.be\/fr\/home-table\/\"},{\"@type\":\"ListItem\",\"position\":2,\"name\":\"Nos marques\",\"item\":\"https:\/\/www.homeandtable.be\/fr\/marques\/\"},{\"@type\":\"ListItem\",\"position\":3,\"name\":\"Blim Plus\"}]},{\"@type\":\"WebSite\",\"@id\":\"https:\/\/www.homeandtable.be\/#website\",\"url\":\"https:\/\/www.homeandtable.be\/\",\"name\":\"Home & Table by Meyhui\",\"description\":\"Uw partner voor de gedekte tafel, uw keuken en het ideale geschenk.\",\"publisher\":{\"@id\":\"https:\/\/www.homeandtable.be\/#organization\"},\"potentialAction\":[{\"@type\":\"SearchAction\",\"target\":{\"@type\":\"EntryPoint\",\"urlTemplate\":\"https:\/\/www.homeandtable.be\/?s={search_term_string}\"},\"query-input\":{\"@type\":\"PropertyValueSpecification\",\"valueRequired\":true,\"valueName\":\"search_term_string\"}}],\"inLanguage\":\"fr-FR\"},{\"@type\":\"Organization\",\"@id\":\"https:\/\/www.homeandtable.be\/#organization\",\"name\":\"Home & Table by Meyhui\",\"url\":\"https:\/\/www.homeandtable.be\/\",\"logo\":{\"@type\":\"ImageObject\",\"inLanguage\":\"fr-FR\",\"@id\":\"https:\/\/www.homeandtable.be\/#\/schema\/logo\/image\/\",\"url\":\"https:\/\/www.homeandtable.be\/wp-content\/uploads\/2021\/10\/homeandtable_logo_bymeyhui.jpg\",\"contentUrl\":\"https:\/\/www.homeandtable.be\/wp-content\/uploads\/2021\/10\/homeandtable_logo_bymeyhui.jpg\",\"width\":1398,\"height\":1402,\"caption\":\"Home & Table by Meyhui\"},\"image\":{\"@id\":\"https:\/\/www.homeandtable.be\/#\/schema\/logo\/image\/\"},\"sameAs\":[\"https:\/\/www.facebook.com\/homeandtablebymeyhui\"]}]}<\/script>\n<!-- \/ Yoast SEO plugin. -->","yoast_head_json":{"title":"Blim Plus - Home &amp; Table by Meyhui","robots":{"index":"index","follow":"follow","max-snippet":"max-snippet:-1","max-image-preview":"max-image-preview:large","max-video-preview":"max-video-preview:-1"},"canonical":"https:\/\/www.homeandtable.be\/fr\/marques\/blim-plus\/","og_locale":"fr_FR","og_type":"article","og_title":"Blim Plus - Home &amp; Table by Meyhui","og_description":"[vc_row][vc_column mobile_bg_img_hidden=\u00a0\u00bbno\u00a0\u00bb tablet_bg_img_hidden=\u00a0\u00bbno\u00a0\u00bb woodmart_parallax=\u00a0\u00bb0&Prime; woodmart_sticky_column=\u00a0\u00bbfalse\u00a0\u00bb parallax_scroll=\u00a0\u00bbno\u00a0\u00bb mobile_reset_margin=\u00a0\u00bbno\u00a0\u00bb tablet_reset_margin=\u00a0\u00bbno\u00a0\u00bb][vc_empty_space height=\u00a0\u00bb100px\u00a0\u00bb woodmart_hide_large=\u00a0\u00bb0&Prime; woodmart_hide_medium=\u00a0\u00bb0&Prime; woodmart_hide_small=\u00a0\u00bb0&Prime; woodmart_hide_extra_small=\u00a0\u00bb0&Prime;][\/vc_column][\/vc_row][vc_row][vc_column width=\u00a0\u00bb1\/2&Prime;][vc_column_text text_larger=\u00a0\u00bbno\u00a0\u00bb] Nos marques [\/vc_column_text][vc_column_text text_larger=\u00a0\u00bbno\u00a0\u00bb woodmart_inline=\u00a0\u00bbno\u00a0\u00bb]","og_url":"https:\/\/www.homeandtable.be\/fr\/marques\/blim-plus\/","og_site_name":"Home &amp; Table by Meyhui","article_publisher":"https:\/\/www.facebook.com\/homeandtablebymeyhui","article_modified_time":"2024-02-20T10:24:09+00:00","og_image":[{"width":1000,"height":1000,"url":"https:\/\/www.homeandtable.be\/wp-content\/uploads\/2023\/07\/royalboch_1.jpg","type":"image\/jpeg"}],"twitter_card":"summary_large_image","twitter_misc":{"Dur\u00e9e de lecture estim\u00e9e":"4 minutes"},"schema":{"@context":"https:\/\/schema.org","@graph":[{"@type":"WebPage","@id":"https:\/\/www.homeandtable.be\/fr\/marques\/blim-plus\/","url":"https:\/\/www.homeandtable.be\/fr\/marques\/blim-plus\/","name":"Blim Plus - Home &amp; Table by Meyhui","isPartOf":{"@id":"https:\/\/www.homeandtable.be\/#website"},"primaryImageOfPage":{"@id":"https:\/\/www.homeandtable.be\/fr\/marques\/blim-plus\/#primaryimage"},"image":{"@id":"https:\/\/www.homeandtable.be\/fr\/marques\/blim-plus\/#primaryimage"},"thumbnailUrl":"https:\/\/www.homeandtable.be\/wp-content\/uploads\/2023\/07\/royalboch_1.jpg","datePublished":"2024-02-20T10:24:07+00:00","dateModified":"2024-02-20T10:24:09+00:00","breadcrumb":{"@id":"https:\/\/www.homeandtable.be\/fr\/marques\/blim-plus\/#breadcrumb"},"inLanguage":"fr-FR","potentialAction":[{"@type":"ReadAction","target":["https:\/\/www.homeandtable.be\/fr\/marques\/blim-plus\/"]}]},{"@type":"ImageObject","inLanguage":"fr-FR","@id":"https:\/\/www.homeandtable.be\/fr\/marques\/blim-plus\/#primaryimage","url":"https:\/\/www.homeandtable.be\/wp-content\/uploads\/2023\/07\/royalboch_1.jpg","contentUrl":"https:\/\/www.homeandtable.be\/wp-content\/uploads\/2023\/07\/royalboch_1.jpg","width":1000,"height":1000},{"@type":"BreadcrumbList","@id":"https:\/\/www.homeandtable.be\/fr\/marques\/blim-plus\/#breadcrumb","itemListElement":[{"@type":"ListItem","position":1,"name":"Home","item":"https:\/\/www.homeandtable.be\/fr\/home-table\/"},{"@type":"ListItem","position":2,"name":"Nos marques","item":"https:\/\/www.homeandtable.be\/fr\/marques\/"},{"@type":"ListItem","position":3,"name":"Blim Plus"}]},{"@type":"WebSite","@id":"https:\/\/www.homeandtable.be\/#website","url":"https:\/\/www.homeandtable.be\/","name":"Home & Table by Meyhui","description":"Uw partner voor de gedekte tafel, uw keuken en het ideale geschenk.","publisher":{"@id":"https:\/\/www.homeandtable.be\/#organization"},"potentialAction":[{"@type":"SearchAction","target":{"@type":"EntryPoint","urlTemplate":"https:\/\/www.homeandtable.be\/?s={search_term_string}"},"query-input":{"@type":"PropertyValueSpecification","valueRequired":true,"valueName":"search_term_string"}}],"inLanguage":"fr-FR"},{"@type":"Organization","@id":"https:\/\/www.homeandtable.be\/#organization","name":"Home & Table by Meyhui","url":"https:\/\/www.homeandtable.be\/","logo":{"@type":"ImageObject","inLanguage":"fr-FR","@id":"https:\/\/www.homeandtable.be\/#\/schema\/logo\/image\/","url":"https:\/\/www.homeandtable.be\/wp-content\/uploads\/2021\/10\/homeandtable_logo_bymeyhui.jpg","contentUrl":"https:\/\/www.homeandtable.be\/wp-content\/uploads\/2021\/10\/homeandtable_logo_bymeyhui.jpg","width":1398,"height":1402,"caption":"Home & Table by Meyhui"},"image":{"@id":"https:\/\/www.homeandtable.be\/#\/schema\/logo\/image\/"},"sameAs":["https:\/\/www.facebook.com\/homeandtablebymeyhui"]}]}},"_links":{"self":[{"href":"https:\/\/www.homeandtable.be\/fr\/wp-json\/wp\/v2\/pages\/11269","targetHints":{"allow":["GET"]}}],"collection":[{"href":"https:\/\/www.homeandtable.be\/fr\/wp-json\/wp\/v2\/pages"}],"about":[{"href":"https:\/\/www.homeandtable.be\/fr\/wp-json\/wp\/v2\/types\/page"}],"author":[{"embeddable":true,"href":"https:\/\/www.homeandtable.be\/fr\/wp-json\/wp\/v2\/users\/1"}],"replies":[{"embeddable":true,"href":"https:\/\/www.homeandtable.be\/fr\/wp-json\/wp\/v2\/comments?post=11269"}],"version-history":[{"count":5,"href":"https:\/\/www.homeandtable.be\/fr\/wp-json\/wp\/v2\/pages\/11269\/revisions"}],"predecessor-version":[{"id":11274,"href":"https:\/\/www.homeandtable.be\/fr\/wp-json\/wp\/v2\/pages\/11269\/revisions\/11274"}],"up":[{"embeddable":true,"href":"https:\/\/www.homeandtable.be\/fr\/wp-json\/wp\/v2\/pages\/4811"}],"wp:featuredmedia":[{"embeddable":true,"href":"https:\/\/www.homeandtable.be\/fr\/wp-json\/wp\/v2\/media\/10695"}],"wp:attachment":[{"href":"https:\/\/www.homeandtable.be\/fr\/wp-json\/wp\/v2\/media?parent=11269"}],"curies":[{"name":"wp","href":"https:\/\/api.w.org\/{rel}","templated":true}]}}